{"id":2566,"date":"2015-02-21T17:59:13","date_gmt":"2015-02-21T17:59:13","guid":{"rendered":"http:\/\/rttheme19.rtthemes.com\/?page_id=2566"},"modified":"2024-10-11T08:36:47","modified_gmt":"2024-10-11T06:36:47","slug":"kunder","status":"publish","type":"page","link":"https:\/\/www.kasperkold.com\/da\/kunder\/","title":{"rendered":"Kunder"},"content":{"rendered":"<p>[vc_row rt_row_background_width=&#8221;default&#8221; rt_row_style=&#8221;default-style&#8221; rt_row_borders=&#8221;&#8221; rt_overlap=&#8221;true&#8221; rt_row_paddings=&#8221;true&#8221; rt_bg_effect=&#8221;classic&#8221; rt_bg_image_repeat=&#8221;repeat&#8221; rt_bg_size=&#8221;cover&#8221; rt_bg_position=&#8221;right top&#8221; rt_bg_attachment=&#8221;scroll&#8221; rt_bg_video_format=&#8221;self-hosted&#8221;][vc_column rt_wrp_col_paddings=&#8221;false&#8221; rt_border_top=&#8221;&#8221; rt_border_bottom=&#8221;&#8221; rt_border_left=&#8221;&#8221; rt_border_right=&#8221;&#8221; rt_border_top_mobile=&#8221;&#8221; rt_border_bottom_mobile=&#8221;&#8221; rt_border_left_mobile=&#8221;&#8221; rt_border_right_mobile=&#8221;&#8221; rt_bg_image_repeat=&#8221;repeat&#8221; rt_bg_size=&#8221;auto auto&#8221; rt_bg_position=&#8221;right top&#8221; rt_bg_attachment=&#8221;scroll&#8221;][vc_column_text css=&#8221;&#8221;]Jeg l\u00f8ser hovedsageligt opgaver for internationale og globale virksomheder med base i Danmark, herunder Danmarks st\u00f8rste virksomheder inden for og uden for C25. Mine kunder er bl.a. direktionsmedlemmer, CEOs, ledere og n\u00f8glepersoner.<\/p>\n<p>Af hensyn til mine klienters fortrolighed, oplyses referencer efter n\u00e6rmere aftale.[\/vc_column_text][\/vc_column][\/vc_row][vc_row rt_row_background_width=&#8221;default&#8221; rt_row_style=&#8221;default-style&#8221; rt_row_borders=&#8221;&#8221; rt_row_paddings=&#8221;true&#8221; rt_bg_effect=&#8221;classic&#8221; rt_bg_image_repeat=&#8221;repeat&#8221; rt_bg_size=&#8221;cover&#8221; rt_bg_position=&#8221;right top&#8221; rt_bg_attachment=&#8221;scroll&#8221; rt_bg_video_format=&#8221;self-hosted&#8221; rt_bg_color=&#8221;#f4f7f9&#8243;][vc_column width=&#8221;1\/2&#8243; rt_wrp_col_paddings=&#8221;false&#8221; rt_border_top=&#8221;&#8221; rt_border_bottom=&#8221;&#8221; rt_border_left=&#8221;&#8221; rt_border_right=&#8221;&#8221; rt_border_top_mobile=&#8221;&#8221; rt_border_bottom_mobile=&#8221;&#8221; rt_border_left_mobile=&#8221;&#8221; rt_border_right_mobile=&#8221;&#8221; rt_bg_image_repeat=&#8221;repeat&#8221; rt_bg_size=&#8221;auto auto&#8221; rt_bg_position=&#8221;right top&#8221; rt_bg_attachment=&#8221;scroll&#8221;]<section id=\"testimonial-788540\" class=\"border_grid testimonials clearfix  center big \" data-column-width=\"1\"><\/section><div class=\"paging_wrapper margin-t30 margin-b30\"><\/div>[\/vc_column][vc_column width=&#8221;1\/2&#8243; rt_wrp_col_paddings=&#8221;false&#8221; rt_border_top=&#8221;&#8221; rt_border_bottom=&#8221;&#8221; rt_border_left=&#8221;&#8221; rt_border_right=&#8221;&#8221; rt_border_top_mobile=&#8221;&#8221; rt_border_bottom_mobile=&#8221;&#8221; rt_border_left_mobile=&#8221;&#8221; rt_border_right_mobile=&#8221;&#8221; rt_bg_image_repeat=&#8221;repeat&#8221; rt_bg_size=&#8221;auto auto&#8221; rt_bg_position=&#8221;right top&#8221; rt_bg_attachment=&#8221;scroll&#8221;]<section id=\"testimonial-590565\" class=\"border_grid testimonials clearfix  center big \" data-column-width=\"1\"><\/section><div class=\"paging_wrapper margin-t30 margin-b30\"><\/div>[\/vc_column][\/vc_row]<\/p>\n","protected":false},"excerpt":{"rendered":"<p>[vc_row rt_row_background_width=&#8221;default&#8221; rt_row_style=&#8221;default-style&#8221; rt_row_borders=&#8221;&#8221; rt_overlap=&#8221;true&#8221; rt_row_paddings=&#8221;true&#8221; rt_bg_effect=&#8221;classic&#8221; rt_bg_image_repeat=&#8221;repeat&#8221; rt_bg_size=&#8221;cover&#8221; rt_bg_position=&#8221;right top&#8221; rt_bg_attachment=&#8221;scroll&#8221; rt_bg_video_format=&#8221;self-hosted&#8221;][vc_column rt_wrp_col_paddings=&#8221;false&#8221; rt_border_top=&#8221;&#8221; rt_border_bottom=&#8221;&#8221; rt_border_left=&#8221;&#8221; rt_border_right=&#8221;&#8221; rt_border_top_mobile=&#8221;&#8221; rt_border_bottom_mobile=&#8221;&#8221; rt_border_left_mobile=&#8221;&#8221; rt_border_right_mobile=&#8221;&#8221; rt_bg_image_repeat=&#8221;repeat&#8221; rt_bg_size=&#8221;auto auto&#8221; rt_bg_position=&#8221;right top&#8221; rt_bg_attachment=&#8221;scroll&#8221;][vc_column_text css=&#8221;&#8221;]Jeg l\u00f8ser hovedsageligt opgaver for internationale og globale virksomheder med base i Danmark, herunder Danmarks st\u00f8rste virksomheder inden for og uden for C25. Mine kunder er bl.a. [&hellip;]<\/p>\n","protected":false},"author":8,"featured_media":0,"parent":0,"menu_order":0,"comment_status":"open","ping_status":"open","template":"","meta":{"footnotes":""},"class_list":["post-2566","page","type-page","status-publish","hentry"],"_links":{"self":[{"href":"https:\/\/www.kasperkold.com\/da\/wp-json\/wp\/v2\/pages\/2566","targetHints":{"allow":["GET"]}}],"collection":[{"href":"https:\/\/www.kasperkold.com\/da\/wp-json\/wp\/v2\/pages"}],"about":[{"href":"https:\/\/www.kasperkold.com\/da\/wp-json\/wp\/v2\/types\/page"}],"author":[{"embeddable":true,"href":"https:\/\/www.kasperkold.com\/da\/wp-json\/wp\/v2\/users\/8"}],"replies":[{"embeddable":true,"href":"https:\/\/www.kasperkold.com\/da\/wp-json\/wp\/v2\/comments?post=2566"}],"version-history":[{"count":21,"href":"https:\/\/www.kasperkold.com\/da\/wp-json\/wp\/v2\/pages\/2566\/revisions"}],"predecessor-version":[{"id":3464,"href":"https:\/\/www.kasperkold.com\/da\/wp-json\/wp\/v2\/pages\/2566\/revisions\/3464"}],"wp:attachment":[{"href":"https:\/\/www.kasperkold.com\/da\/wp-json\/wp\/v2\/media?parent=2566"}],"curies":[{"name":"wp","href":"https:\/\/api.w.org\/{rel}","templated":true}]}}