{"id":2706,"date":"2016-03-15T13:02:04","date_gmt":"2016-03-15T13:02:04","guid":{"rendered":"http:\/\/kasperkold.gammelbyslegeplads.dk\/?page_id=2706"},"modified":"2024-10-11T08:31:09","modified_gmt":"2024-10-11T06:31:09","slug":"strategisk-hr","status":"publish","type":"page","link":"https:\/\/www.kasperkold.com\/da\/strategisk-hr\/","title":{"rendered":"Strategisk HR"},"content":{"rendered":"<p>[vc_row rt_row_background_width=&#8221;default&#8221; rt_row_style=&#8221;default-style&#8221; rt_row_borders=&#8221;&#8221; rt_overlap=&#8221;true&#8221; rt_row_paddings=&#8221;false&#8221; rt_bg_effect=&#8221;classic&#8221; rt_bg_image_repeat=&#8221;no-repeat&#8221; rt_bg_size=&#8221;cover&#8221; rt_bg_position=&#8221;right top&#8221; rt_bg_attachment=&#8221;scroll&#8221; rt_bg_video_format=&#8221;self-hosted&#8221;][vc_column rt_wrp_col_paddings=&#8221;false&#8221; rt_border_top=&#8221;&#8221; rt_border_bottom=&#8221;&#8221; rt_border_left=&#8221;&#8221; rt_border_right=&#8221;&#8221; rt_border_top_mobile=&#8221;&#8221; rt_border_bottom_mobile=&#8221;&#8221; rt_border_left_mobile=&#8221;&#8221; rt_border_right_mobile=&#8221;&#8221; rt_bg_image_repeat=&#8221;repeat&#8221; rt_bg_size=&#8221;cover&#8221; rt_bg_position=&#8221;right top&#8221; rt_bg_attachment=&#8221;scroll&#8221;]<div id=\"content-slider-781527\" style=\"min-height:300px;\" class=\"rt-carousel main-carousel carousel-holder clearfix\" data-item-width=\"1\" data-nav=\"true\" data-dots=\"true\" data-parallax=\"true\" data-timeout=\"7500\" data-autoplay=\"true\">\n<div class=\"owl-carousel\">\n\n\t\t<div class=\"item  alt-style-2 slide-background\" style=\"background-image: url(https:\/\/www.kasperkold.com\/wp-content\/uploads\/2016\/04\/Kold_web_header4.jpg);background-repeat: no-repeat;background-size: cover;background-position: center center;min-height: 300px;\">\n\t\t\t\n\t\t\t<div class=\"slide-content-wrapper default clearfix\">\n\t\t\t\t<div class=\"slide-content animation  left\" style=\"width: 60%;background-color: #7c6e44;margin-top: 40px;\">\t\t\t\t\t\n\t\t\t\t\t<h3>\u201cDet er en forn\u00f8jelse at arbejde med Kasper. Han kommer altid velforberedt og med god energi.\u201c<\/h3>\n<p style=\"text-align: left;\">CEO &#8211; Danmark<\/p>\n\n\t\t\t\t<\/div>\n\t\t\t<\/div>\n\t\t<\/div>\n\t\t<div class=\"item  alt-style-2 slide-background\" style=\"background-image: url(https:\/\/www.kasperkold.com\/wp-content\/uploads\/2016\/04\/Kold_web_header6.jpg);background-repeat: no-repeat;background-size: cover;background-position: left top;min-height: 300px;\">\n\t\t\t\n\t\t\t<div class=\"slide-content-wrapper default clearfix\">\n\t\t\t\t<div class=\"slide-content animation  right\" style=\"width: 60%;background-color: #7c6e44;margin-top: 90px;\">\t\t\t\t\t\n\t\t\t\t\t<h3>\u201dKasper form\u00e5r hurtigt at leve sig ind i min forretningsm\u00e6ssige og organisatoriske situation og forst\u00e5r udfordringerne.\u201d<\/h3>\n<p>CEO &#8211; Danmark<\/p>\n\n\t\t\t\t<\/div>\n\t\t\t<\/div>\n\t\t<\/div>\n\t\t<div class=\"item  alt-style-2 slide-background\" style=\"background-image: url(https:\/\/www.kasperkold.com\/wp-content\/uploads\/2016\/04\/Kold_web_header1.jpg);background-repeat: no-repeat;background-size: cover;background-position: left top;min-height: 300px;\">\n\t\t\t\n\t\t\t<div class=\"slide-content-wrapper default clearfix\">\n\t\t\t\t<div class=\"slide-content animation  left\" style=\"width: 60%;background-color: #7c6e44;margin-top: 110px;\">\t\t\t\t\t\n\t\t\t\t\t<h3>\u201dKasper kommer med praktiske forslag og v\u00e6rkt\u00f8jer, der virkelig g\u00f8r en forskel. Jeg har stor gavn af samarbejdet.\u201d<\/h3>\n<p>CEO &#8211; Danmark<\/p>\n\n\t\t\t\t<\/div>\n\t\t\t<\/div>\n\t\t<\/div>\n\t\t<div class=\"item  alt-style-2 slide-background\" style=\"background-image: url(https:\/\/www.kasperkold.com\/wp-content\/uploads\/2016\/04\/Kold_web_header2.jpg);background-repeat: no-repeat;background-size: cover;background-position: left top;min-height: 300px;\">\n\t\t\t\n\t\t\t<div class=\"slide-content-wrapper default clearfix\">\n\t\t\t\t<div class=\"slide-content animation  right\" style=\"width: 60%;background-color: #7c6e44;margin-top: 40px;\">\t\t\t\t\t\n\t\t\t\t\t<h3>\u201dAf den lederudvikling, jeg har v\u00e6ret igennem, er sessionerne med Kasper det bedste, jeg har pr\u00f8vet.\u201d<\/h3>\n<p>Vice President &#8211; Saudi Arabien<\/p>\n\n\t\t\t\t<\/div>\n\t\t\t<\/div>\n\t\t<\/div><\/div>\n<\/div>\n[\/vc_column][\/vc_row][vc_row rt_row_background_width=&#8221;default&#8221; rt_row_style=&#8221;default-style&#8221; rt_row_borders=&#8221;&#8221; rt_row_paddings=&#8221;true&#8221; rt_bg_effect=&#8221;classic&#8221; rt_bg_image_repeat=&#8221;repeat&#8221; rt_bg_size=&#8221;cover&#8221; rt_bg_position=&#8221;right top&#8221; rt_bg_attachment=&#8221;scroll&#8221; rt_bg_video_format=&#8221;self-hosted&#8221;][vc_column rt_wrp_col_paddings=&#8221;false&#8221; rt_border_top=&#8221;&#8221; rt_border_bottom=&#8221;&#8221; rt_border_left=&#8221;&#8221; rt_border_right=&#8221;&#8221; rt_border_top_mobile=&#8221;&#8221; rt_border_bottom_mobile=&#8221;&#8221; rt_border_left_mobile=&#8221;&#8221; rt_border_right_mobile=&#8221;&#8221; rt_bg_image_repeat=&#8221;repeat&#8221; rt_bg_size=&#8221;auto auto&#8221; rt_bg_position=&#8221;right top&#8221; rt_bg_attachment=&#8221;scroll&#8221;][vc_column_text]<\/p>\n<h4>Kommerciel forst\u00e5else og tankegang med afs\u00e6t i egen <span class=\"highlight style-1\">erfaring med organisations- og lederudvikling<\/span> i store, komplekse virksomheder<\/h4>\n<p>[\/vc_column_text][\/vc_column][\/vc_row][vc_row rt_row_background_width=&#8221;default&#8221; rt_row_style=&#8221;alt-style-1&#8243; rt_row_borders=&#8221;&#8221; rt_row_paddings=&#8221;true&#8221; rt_bg_effect=&#8221;classic&#8221; rt_bg_image_repeat=&#8221;repeat&#8221; rt_bg_size=&#8221;cover&#8221; rt_bg_position=&#8221;right top&#8221; rt_bg_attachment=&#8221;scroll&#8221; rt_bg_video_format=&#8221;self-hosted&#8221;][vc_column rt_wrp_col_paddings=&#8221;false&#8221; rt_border_top=&#8221;&#8221; rt_border_bottom=&#8221;&#8221; rt_border_left=&#8221;&#8221; rt_border_right=&#8221;&#8221; rt_border_top_mobile=&#8221;&#8221; rt_border_bottom_mobile=&#8221;&#8221; rt_border_left_mobile=&#8221;&#8221; rt_border_right_mobile=&#8221;&#8221; rt_bg_image_repeat=&#8221;repeat&#8221; rt_bg_size=&#8221;auto auto&#8221; rt_bg_position=&#8221;right top&#8221; rt_bg_attachment=&#8221;scroll&#8221;][vc_custom_heading text=&#8221;Udvikling og implementering af HR-strategier&#8221; font_container=&#8221;tag:h2|text_align:left|color:%237c6e44&#8243; use_theme_fonts=&#8221;yes&#8221;][vc_empty_space height=&#8221;10px&#8221;][vc_column_text]Jeg har st\u00e5et der selv: med ledelsesm\u00e6ssigt ansvar for at udvikle egne medarbejdere s\u00e5vel som ledere og den samlede organisation i den \u00f8nskede retning og implementere de n\u00f8dvendige tiltag med kontinuerligt fokus p\u00e5 forretningsm\u00e6ssig effekt.<\/p>\n<p>Derfor har jeg konkret, udf\u00f8rende erfaring med at udarbejde og implementere HR-modeller og -processer, der st\u00f8tter op om den overordnede forretningsstrategi. Den erfaring kombinerer jeg med min faglige, psykologiske indsigt i, hvad der motiverer mennesker og f\u00e5r dem til at performe i en kommerciel kontekst.<\/p>\n<p>P\u00e5 den m\u00e5de arbejder jeg i en vekselvirkning mellem at udvikle de organisatoriske rammer, der underst\u00f8tter forretningens behov, og udvikle ledere og medarbejdere til at performe inden for selvsamme rammer. Resultatet er strategisk HR \u2013 implementeret med forretningsm\u00e6ssig effekt.[\/vc_column_text][\/vc_column][\/vc_row]<\/p>\n","protected":false},"excerpt":{"rendered":"<p>[vc_row rt_row_background_width=&#8221;default&#8221; rt_row_style=&#8221;default-style&#8221; rt_row_borders=&#8221;&#8221; rt_overlap=&#8221;true&#8221; rt_row_paddings=&#8221;false&#8221; rt_bg_effect=&#8221;classic&#8221; rt_bg_image_repeat=&#8221;no-repeat&#8221; rt_bg_size=&#8221;cover&#8221; rt_bg_position=&#8221;right top&#8221; rt_bg_attachment=&#8221;scroll&#8221; rt_bg_video_format=&#8221;self-hosted&#8221;][vc_column rt_wrp_col_paddings=&#8221;false&#8221; rt_border_top=&#8221;&#8221; rt_border_bottom=&#8221;&#8221; rt_border_left=&#8221;&#8221; rt_border_right=&#8221;&#8221; rt_border_top_mobile=&#8221;&#8221; rt_border_bottom_mobile=&#8221;&#8221; rt_border_left_mobile=&#8221;&#8221; rt_border_right_mobile=&#8221;&#8221; rt_bg_image_repeat=&#8221;repeat&#8221; rt_bg_size=&#8221;cover&#8221; rt_bg_position=&#8221;right top&#8221; rt_bg_attachment=&#8221;scroll&#8221;][\/vc_column][\/vc_row][vc_row rt_row_background_width=&#8221;default&#8221; rt_row_style=&#8221;default-style&#8221; rt_row_borders=&#8221;&#8221; rt_row_paddings=&#8221;true&#8221; rt_bg_effect=&#8221;classic&#8221; rt_bg_image_repeat=&#8221;repeat&#8221; rt_bg_size=&#8221;cover&#8221; rt_bg_position=&#8221;right top&#8221; rt_bg_attachment=&#8221;scroll&#8221; rt_bg_video_format=&#8221;self-hosted&#8221;][vc_column rt_wrp_col_paddings=&#8221;false&#8221; rt_border_top=&#8221;&#8221; rt_border_bottom=&#8221;&#8221; rt_border_left=&#8221;&#8221; rt_border_right=&#8221;&#8221; rt_border_top_mobile=&#8221;&#8221; rt_border_bottom_mobile=&#8221;&#8221; rt_border_left_mobile=&#8221;&#8221; rt_border_right_mobile=&#8221;&#8221; rt_bg_image_repeat=&#8221;repeat&#8221; rt_bg_size=&#8221;auto auto&#8221; rt_bg_position=&#8221;right top&#8221; rt_bg_attachment=&#8221;scroll&#8221;][vc_column_text] Kommerciel forst\u00e5else [&hellip;]<\/p>\n","protected":false},"author":8,"featured_media":0,"parent":0,"menu_order":0,"comment_status":"closed","ping_status":"closed","template":"","meta":{"footnotes":""},"class_list":["post-2706","page","type-page","status-publish","hentry"],"_links":{"self":[{"href":"https:\/\/www.kasperkold.com\/da\/wp-json\/wp\/v2\/pages\/2706","targetHints":{"allow":["GET"]}}],"collection":[{"href":"https:\/\/www.kasperkold.com\/da\/wp-json\/wp\/v2\/pages"}],"about":[{"href":"https:\/\/www.kasperkold.com\/da\/wp-json\/wp\/v2\/types\/page"}],"author":[{"embeddable":true,"href":"https:\/\/www.kasperkold.com\/da\/wp-json\/wp\/v2\/users\/8"}],"replies":[{"embeddable":true,"href":"https:\/\/www.kasperkold.com\/da\/wp-json\/wp\/v2\/comments?post=2706"}],"version-history":[{"count":75,"href":"https:\/\/www.kasperkold.com\/da\/wp-json\/wp\/v2\/pages\/2706\/revisions"}],"predecessor-version":[{"id":3458,"href":"https:\/\/www.kasperkold.com\/da\/wp-json\/wp\/v2\/pages\/2706\/revisions\/3458"}],"wp:attachment":[{"href":"https:\/\/www.kasperkold.com\/da\/wp-json\/wp\/v2\/media?parent=2706"}],"curies":[{"name":"wp","href":"https:\/\/api.w.org\/{rel}","templated":true}]}}