{"id":2710,"date":"2016-03-15T13:03:24","date_gmt":"2016-03-15T13:03:24","guid":{"rendered":"http:\/\/kasperkold.gammelbyslegeplads.dk\/?page_id=2710"},"modified":"2024-10-11T08:32:59","modified_gmt":"2024-10-11T06:32:59","slug":"ledelsesteams","status":"publish","type":"page","link":"https:\/\/www.kasperkold.com\/da\/ledelsesteams\/","title":{"rendered":"Ledelsesteams"},"content":{"rendered":"<p>[vc_row rt_row_background_width=&#8221;default&#8221; rt_row_style=&#8221;default-style&#8221; rt_row_borders=&#8221;&#8221; rt_overlap=&#8221;true&#8221; rt_row_paddings=&#8221;false&#8221; rt_bg_effect=&#8221;classic&#8221; rt_bg_image_repeat=&#8221;no-repeat&#8221; rt_bg_size=&#8221;cover&#8221; rt_bg_position=&#8221;right top&#8221; rt_bg_attachment=&#8221;scroll&#8221; rt_bg_video_format=&#8221;self-hosted&#8221;][vc_column rt_wrp_col_paddings=&#8221;false&#8221; rt_border_top=&#8221;&#8221; rt_border_bottom=&#8221;&#8221; rt_border_left=&#8221;&#8221; rt_border_right=&#8221;&#8221; rt_border_top_mobile=&#8221;&#8221; rt_border_bottom_mobile=&#8221;&#8221; rt_border_left_mobile=&#8221;&#8221; rt_border_right_mobile=&#8221;&#8221; rt_bg_image_repeat=&#8221;repeat&#8221; rt_bg_size=&#8221;cover&#8221; rt_bg_position=&#8221;right top&#8221; rt_bg_attachment=&#8221;scroll&#8221;]<div id=\"content-slider-981970\" style=\"min-height:300px;\" class=\"rt-carousel main-carousel carousel-holder clearfix\" data-item-width=\"1\" data-nav=\"true\" data-dots=\"true\" data-parallax=\"true\" data-timeout=\"7500\" data-autoplay=\"true\">\n<div class=\"owl-carousel\">\n\n\t\t<div class=\"item  alt-style-2 slide-background\" style=\"background-image: url(https:\/\/www.kasperkold.com\/wp-content\/uploads\/2016\/04\/Kold_web_header3.jpg);background-repeat: no-repeat;background-size: cover;background-position: left top;min-height: 300px;\">\n\t\t\t\n\t\t\t<div class=\"slide-content-wrapper default clearfix\">\n\t\t\t\t<div class=\"slide-content animation  left\" style=\"width: 70%;background-color: #7c6e44;margin-top: 70px;\">\t\t\t\t\t\n\t\t\t\t\t<h3>&#8220;Kasper er konstruktivt konfronterende, s\u00e5 man f\u00f8ler selv, man rykker sig. Kasper er betydeligt mere effektiv &#8211; meget givtigt samarbejde. Jeg kan varmt anbefale ham.&#8221;<\/h3>\n<p>CEO &#8211; Danmark<\/p>\n\n\t\t\t\t<\/div>\n\t\t\t<\/div>\n\t\t<\/div>\n\t\t<div class=\"item  alt-style-2 slide-background\" style=\"background-image: url(https:\/\/www.kasperkold.com\/wp-content\/uploads\/2016\/04\/Kold_web_header1.jpg);background-repeat: no-repeat;background-size: cover;background-position: left top;min-height: 300px;\">\n\t\t\t\n\t\t\t<div class=\"slide-content-wrapper default clearfix\">\n\t\t\t\t<div class=\"slide-content animation  right\" style=\"width: 60%;background-color: #7c6e44;margin-top: 40px;\">\t\t\t\t\t\n\t\t\t\t\t<h3>\u201dKasper giver yderst konstruktiv og meget m\u00e5lrettet feedback p\u00e5 mine ledelsesm\u00e6ssige udfordringer.\u201d<\/h3>\n<p>Executive Vice President<\/p>\n\n\t\t\t\t<\/div>\n\t\t\t<\/div>\n\t\t<\/div>\n\t\t<div class=\"item  alt-style-2 slide-background\" style=\"background-image: url(https:\/\/www.kasperkold.com\/wp-content\/uploads\/2016\/04\/Kold_web_header4.jpg);background-repeat: no-repeat;background-size: cover;background-position: center center;min-height: 300px;\">\n\t\t\t\n\t\t\t<div class=\"slide-content-wrapper default clearfix\">\n\t\t\t\t<div class=\"slide-content animation  left\" style=\"width: 70%;background-color: #7c6e44;margin-top: 80px;\">\t\t\t\t\t\n\t\t\t\t\t<h3>\u201dMed afs\u00e6t i Kaspers egne erfaringer, b\u00e5de fra hans tid som leder og fra hans arbejde med lignende cases, f\u00e5r jeg masser af inspiration, som ogs\u00e5 bliver omsat til konkrete handlingsplaner.\u201d<\/h3>\n<p>Executive Vice President<\/p>\n\n\t\t\t\t<\/div>\n\t\t\t<\/div>\n\t\t<\/div>\n\t\t<div class=\"item  alt-style-2 slide-background\" style=\"background-image: url(https:\/\/www.kasperkold.com\/wp-content\/uploads\/2016\/04\/Kold_web_header2.jpg);background-repeat: no-repeat;background-size: cover;background-position: left top;min-height: 300px;\">\n\t\t\t\n\t\t\t<div class=\"slide-content-wrapper default clearfix\">\n\t\t\t\t<div class=\"slide-content animation  right\" style=\"width: 70%;background-color: #7c6e44;margin-top: 40px;\">\t\t\t\t\t\n\t\t\t\t\t<h3>\u201dJeg tog fat i Kasper p\u00e5 et tidspunkt, hvor jeg var g\u00e5et i st\u00e5 &#8211; b\u00e5de personligt og karrierem\u00e6ssigt. Samtalerne med Kasper har v\u00e6ret afg\u00f8rende for, at jeg i dag har turdet sende mig selv i en helt anden retning, end jeg forventede.\u201d<\/h3>\n<p>CEO \u2013 Danmark<\/p>\n\n\t\t\t\t<\/div>\n\t\t\t<\/div>\n\t\t<\/div><\/div>\n<\/div>\n[\/vc_column][\/vc_row][vc_row rt_row_background_width=&#8221;default&#8221; rt_row_style=&#8221;default-style&#8221; rt_row_borders=&#8221;&#8221; rt_row_paddings=&#8221;true&#8221; rt_bg_effect=&#8221;classic&#8221; rt_bg_image_repeat=&#8221;repeat&#8221; rt_bg_size=&#8221;cover&#8221; rt_bg_position=&#8221;right top&#8221; rt_bg_attachment=&#8221;scroll&#8221; rt_bg_video_format=&#8221;self-hosted&#8221;][vc_column rt_wrp_col_paddings=&#8221;false&#8221; rt_border_top=&#8221;&#8221; rt_border_bottom=&#8221;&#8221; rt_border_left=&#8221;&#8221; rt_border_right=&#8221;&#8221; rt_border_top_mobile=&#8221;&#8221; rt_border_bottom_mobile=&#8221;&#8221; rt_border_left_mobile=&#8221;&#8221; rt_border_right_mobile=&#8221;&#8221; rt_bg_image_repeat=&#8221;repeat&#8221; rt_bg_size=&#8221;auto auto&#8221; rt_bg_position=&#8221;right top&#8221; rt_bg_attachment=&#8221;scroll&#8221;][vc_column_text]<\/p>\n<h4>Praktisk erfaring med at f\u00e5 visioner og strategier omsat til operationel virkelighed i komplekse, organisatoriske sammenh\u00e6nge p\u00e5 <span class=\"highlight style-1\">tv\u00e6rs af ledelseslag, organisatoriske skel og landegr\u00e6nser<\/span><\/h4>\n<p>[\/vc_column_text][\/vc_column][\/vc_row][vc_row rt_row_background_width=&#8221;default&#8221; rt_row_style=&#8221;alt-style-1&#8243; rt_row_borders=&#8221;&#8221; rt_row_paddings=&#8221;true&#8221; rt_bg_effect=&#8221;classic&#8221; rt_bg_image_repeat=&#8221;repeat&#8221; rt_bg_size=&#8221;cover&#8221; rt_bg_position=&#8221;right top&#8221; rt_bg_attachment=&#8221;scroll&#8221; rt_bg_video_format=&#8221;self-hosted&#8221;][vc_column rt_wrp_col_paddings=&#8221;false&#8221; rt_border_top=&#8221;&#8221; rt_border_bottom=&#8221;&#8221; rt_border_left=&#8221;&#8221; rt_border_right=&#8221;&#8221; rt_border_top_mobile=&#8221;&#8221; rt_border_bottom_mobile=&#8221;&#8221; rt_border_left_mobile=&#8221;&#8221; rt_border_right_mobile=&#8221;&#8221; rt_bg_image_repeat=&#8221;repeat&#8221; rt_bg_size=&#8221;auto auto&#8221; rt_bg_position=&#8221;right top&#8221; rt_bg_attachment=&#8221;scroll&#8221;][vc_custom_heading text=&#8221;Et godt ledelsesteam er lige dele psykologi og forretning&#8221; font_container=&#8221;tag:h2|text_align:left|color:%237c6e44&#8243; use_theme_fonts=&#8221;yes&#8221;][vc_empty_space height=&#8221;10px&#8221;][vc_column_text css=&#8221;&#8221;]Ledere \u2013 og medarbejdere \u2013 ved, hvorn\u00e5r et ledelsesteam virker. Og hvorn\u00e5r det ikke virker.<\/p>\n<p>Alligevel er et godt ledelsesteam ikke en selvf\u00f8lge. Det er en kompleks st\u00f8rrelse. Et godt ledelsesteam skal sammens\u00e6ttes af de rette faglige kompetencer og personprofiler for at opn\u00e5 positiv dynamik, og teamets indbyrdes relationer skal v\u00e6re baseret p\u00e5 tillid. I till\u00e6g hertil skal lederne besidde et kritisk niveau af b\u00e5de Leadership- og Management-kompetencer, for at ledelsesteamet samlet set kan opn\u00e5 d\u00e9n effekt b\u00e5de internt og eksternt, der er kritisk for organisatorisk performance.<\/p>\n<p>Jeg coacher og r\u00e5dgiver ledelsesteams med udgangspunkt i hver enkelt leder, ledernes indbyrdes relationer og det samlede team. Med afs\u00e6t i min ledelsesm\u00e6ssige erfaring fra internationale lederteams og min uddannelsesm\u00e6ssige baggrund kombinerer <a href=\"http:\/\/www.alveshealthcare.com\/production-link.html\">rolex replica<\/a> jeg psykologisk forst\u00e5else med forretningsm\u00e6ssige m\u00e5l. Fordi begge dele er af afg\u00f8rende betydning for teamets samlede performance og evne til at eksekvere p\u00e5 strategien med succes.[\/vc_column_text][\/vc_column][\/vc_row]<\/p>\n","protected":false},"excerpt":{"rendered":"<p>[vc_row rt_row_background_width=&#8221;default&#8221; rt_row_style=&#8221;default-style&#8221; rt_row_borders=&#8221;&#8221; rt_overlap=&#8221;true&#8221; rt_row_paddings=&#8221;false&#8221; rt_bg_effect=&#8221;classic&#8221; rt_bg_image_repeat=&#8221;no-repeat&#8221; rt_bg_size=&#8221;cover&#8221; rt_bg_position=&#8221;right top&#8221; rt_bg_attachment=&#8221;scroll&#8221; rt_bg_video_format=&#8221;self-hosted&#8221;][vc_column rt_wrp_col_paddings=&#8221;false&#8221; rt_border_top=&#8221;&#8221; rt_border_bottom=&#8221;&#8221; rt_border_left=&#8221;&#8221; rt_border_right=&#8221;&#8221; rt_border_top_mobile=&#8221;&#8221; rt_border_bottom_mobile=&#8221;&#8221; rt_border_left_mobile=&#8221;&#8221; rt_border_right_mobile=&#8221;&#8221; rt_bg_image_repeat=&#8221;repeat&#8221; rt_bg_size=&#8221;cover&#8221; rt_bg_position=&#8221;right top&#8221; rt_bg_attachment=&#8221;scroll&#8221;][\/vc_column][\/vc_row][vc_row rt_row_background_width=&#8221;default&#8221; rt_row_style=&#8221;default-style&#8221; rt_row_borders=&#8221;&#8221; rt_row_paddings=&#8221;true&#8221; rt_bg_effect=&#8221;classic&#8221; rt_bg_image_repeat=&#8221;repeat&#8221; rt_bg_size=&#8221;cover&#8221; rt_bg_position=&#8221;right top&#8221; rt_bg_attachment=&#8221;scroll&#8221; rt_bg_video_format=&#8221;self-hosted&#8221;][vc_column rt_wrp_col_paddings=&#8221;false&#8221; rt_border_top=&#8221;&#8221; rt_border_bottom=&#8221;&#8221; rt_border_left=&#8221;&#8221; rt_border_right=&#8221;&#8221; rt_border_top_mobile=&#8221;&#8221; rt_border_bottom_mobile=&#8221;&#8221; rt_border_left_mobile=&#8221;&#8221; rt_border_right_mobile=&#8221;&#8221; rt_bg_image_repeat=&#8221;repeat&#8221; rt_bg_size=&#8221;auto auto&#8221; rt_bg_position=&#8221;right top&#8221; rt_bg_attachment=&#8221;scroll&#8221;][vc_column_text] Praktisk erfaring [&hellip;]<\/p>\n","protected":false},"author":8,"featured_media":0,"parent":0,"menu_order":0,"comment_status":"closed","ping_status":"closed","template":"","meta":{"footnotes":""},"class_list":["post-2710","page","type-page","status-publish","hentry"],"_links":{"self":[{"href":"https:\/\/www.kasperkold.com\/da\/wp-json\/wp\/v2\/pages\/2710","targetHints":{"allow":["GET"]}}],"collection":[{"href":"https:\/\/www.kasperkold.com\/da\/wp-json\/wp\/v2\/pages"}],"about":[{"href":"https:\/\/www.kasperkold.com\/da\/wp-json\/wp\/v2\/types\/page"}],"author":[{"embeddable":true,"href":"https:\/\/www.kasperkold.com\/da\/wp-json\/wp\/v2\/users\/8"}],"replies":[{"embeddable":true,"href":"https:\/\/www.kasperkold.com\/da\/wp-json\/wp\/v2\/comments?post=2710"}],"version-history":[{"count":32,"href":"https:\/\/www.kasperkold.com\/da\/wp-json\/wp\/v2\/pages\/2710\/revisions"}],"predecessor-version":[{"id":3460,"href":"https:\/\/www.kasperkold.com\/da\/wp-json\/wp\/v2\/pages\/2710\/revisions\/3460"}],"wp:attachment":[{"href":"https:\/\/www.kasperkold.com\/da\/wp-json\/wp\/v2\/media?parent=2710"}],"curies":[{"name":"wp","href":"https:\/\/api.w.org\/{rel}","templated":true}]}}