{"id":2712,"date":"2016-03-15T13:03:46","date_gmt":"2016-03-15T13:03:46","guid":{"rendered":"http:\/\/kasperkold.gammelbyslegeplads.dk\/?page_id=2712"},"modified":"2024-10-11T08:34:21","modified_gmt":"2024-10-11T06:34:21","slug":"virtuelle-ledelsesteams","status":"publish","type":"page","link":"https:\/\/www.kasperkold.com\/da\/virtuelle-ledelsesteams\/","title":{"rendered":"Virtuelle ledelsesteams"},"content":{"rendered":"<p>[vc_row rt_row_background_width=&#8221;default&#8221; rt_row_style=&#8221;default-style&#8221; rt_row_borders=&#8221;&#8221; rt_overlap=&#8221;true&#8221; rt_row_paddings=&#8221;false&#8221; rt_bg_effect=&#8221;classic&#8221; rt_bg_image_repeat=&#8221;no-repeat&#8221; rt_bg_size=&#8221;cover&#8221; rt_bg_position=&#8221;right top&#8221; rt_bg_attachment=&#8221;scroll&#8221; rt_bg_video_format=&#8221;self-hosted&#8221;][vc_column rt_wrp_col_paddings=&#8221;false&#8221; rt_border_top=&#8221;&#8221; rt_border_bottom=&#8221;&#8221; rt_border_left=&#8221;&#8221; rt_border_right=&#8221;&#8221; rt_border_top_mobile=&#8221;&#8221; rt_border_bottom_mobile=&#8221;&#8221; rt_border_left_mobile=&#8221;&#8221; rt_border_right_mobile=&#8221;&#8221; rt_bg_image_repeat=&#8221;repeat&#8221; rt_bg_size=&#8221;cover&#8221; rt_bg_position=&#8221;right top&#8221; rt_bg_attachment=&#8221;scroll&#8221;]<div id=\"content-slider-987648\" style=\"min-height:300px;\" class=\"rt-carousel main-carousel carousel-holder clearfix\" data-item-width=\"1\" data-nav=\"true\" data-dots=\"true\" data-parallax=\"true\" data-timeout=\"7500\" data-autoplay=\"true\">\n<div class=\"owl-carousel\">\n\n\t\t<div class=\"item  alt-style-2 slide-background\" style=\"background-image: url(https:\/\/www.kasperkold.com\/wp-content\/uploads\/2016\/04\/Kold_web_header1.jpg);background-repeat: no-repeat;background-size: cover;background-position: left top;min-height: 300px;\">\n\t\t\t\n\t\t\t<div class=\"slide-content-wrapper default clearfix\">\n\t\t\t\t<div class=\"slide-content animation  right\" style=\"width: 70%;background-color: #7c6e44;margin-top: 40px;\">\t\t\t\t\t\n\t\t\t\t\t<h3>\u201dUndervejs i processen har kunnet lakmusteste, at jeg ikke bev\u00e6gede mig ad det forudsigelige spor, men faktisk havde mig selv med. Det har givet indsigt og stof til eftertanke, og jeg bliver ved med at vende tilbage.\u201d<\/h3>\n<p>CEO \u2013 Danmark<\/p>\n\n\t\t\t\t<\/div>\n\t\t\t<\/div>\n\t\t<\/div>\n\t\t<div class=\"item  alt-style-2 slide-background\" style=\"background-image: url(https:\/\/www.kasperkold.com\/wp-content\/uploads\/2016\/04\/Kold_web_header4.jpg);background-repeat: no-repeat;background-size: cover;background-position: center center;min-height: 300px;\">\n\t\t\t\n\t\t\t<div class=\"slide-content-wrapper default clearfix\">\n\t\t\t\t<div class=\"slide-content animation  left\" style=\"width: 60%;background-color: #7c6e44;margin-top: 40px;\">\t\t\t\t\t\n\t\t\t\t\t<h3>\u201dDet er en forn\u00f8jelse at arbejde med Kasper. Han kommer altid velforberedt og med god energi.\u201d<\/h3>\n<p>CEO &#8211; Danmark<\/p>\n\n\t\t\t\t<\/div>\n\t\t\t<\/div>\n\t\t<\/div>\n\t\t<div class=\"item  alt-style-2 slide-background\" style=\"background-image: url(https:\/\/www.kasperkold.com\/wp-content\/uploads\/2016\/04\/Kold_web_header2.jpg);background-repeat: no-repeat;background-size: cover;background-position: left top;min-height: 300px;\">\n\t\t\t\n\t\t\t<div class=\"slide-content-wrapper default clearfix\">\n\t\t\t\t<div class=\"slide-content animation  right\" style=\"width: 60%;background-color: #7c6e44;margin-top: 60px;\">\t\t\t\t\t\n\t\t\t\t\t<h3>\u201dKasper form\u00e5r hurtigt at leve sig ind i min forretningsm\u00e6ssige og organisatoriske situation og forst\u00e5r udfordringerne.\u201d<\/h3>\n<p>CEO &#8211; Danmark<\/p>\n\n\t\t\t\t<\/div>\n\t\t\t<\/div>\n\t\t<\/div>\n\t\t<div class=\"item  alt-style-2 slide-background\" style=\"background-image: url(https:\/\/www.kasperkold.com\/wp-content\/uploads\/2016\/04\/Kold_web_header6.jpg);background-repeat: no-repeat;background-size: cover;background-position: left top;min-height: 300px;\">\n\t\t\t\n\t\t\t<div class=\"slide-content-wrapper default clearfix\">\n\t\t\t\t<div class=\"slide-content animation  right\" style=\"width: 65%;background-color: #7c6e44;margin-top: 90px;\">\t\t\t\t\t\n\t\t\t\t\t<h3>\u201dKasper kommer med praktiske forslag og v\u00e6rkt\u00f8jer, der virkelig g\u00f8r en forskel. Jeg har stor gavn af samarbejdet.\u201d<\/h3>\n<p>CEO &#8211; Danmark<\/p>\n\n\t\t\t\t<\/div>\n\t\t\t<\/div>\n\t\t<\/div><\/div>\n<\/div>\n[\/vc_column][\/vc_row][vc_row rt_row_background_width=&#8221;default&#8221; rt_row_style=&#8221;default-style&#8221; rt_row_borders=&#8221;&#8221; rt_row_paddings=&#8221;true&#8221; rt_bg_effect=&#8221;classic&#8221; rt_bg_image_repeat=&#8221;repeat&#8221; rt_bg_size=&#8221;cover&#8221; rt_bg_position=&#8221;right top&#8221; rt_bg_attachment=&#8221;scroll&#8221; rt_bg_video_format=&#8221;self-hosted&#8221;][vc_column rt_wrp_col_paddings=&#8221;false&#8221; rt_border_top=&#8221;&#8221; rt_border_bottom=&#8221;&#8221; rt_border_left=&#8221;&#8221; rt_border_right=&#8221;&#8221; rt_border_top_mobile=&#8221;&#8221; rt_border_bottom_mobile=&#8221;&#8221; rt_border_left_mobile=&#8221;&#8221; rt_border_right_mobile=&#8221;&#8221; rt_bg_image_repeat=&#8221;repeat&#8221; rt_bg_size=&#8221;auto auto&#8221; rt_bg_position=&#8221;right top&#8221; rt_bg_attachment=&#8221;scroll&#8221;][vc_column_text]<\/p>\n<h4>Kommerciel forst\u00e5else og tankegang med afs\u00e6t i egen <span class=\"highlight style-1\">erfaring med organisations- og lederudvikling<\/span> i store, komplekse virksomheder<\/h4>\n<p>[\/vc_column_text][\/vc_column][\/vc_row][vc_row rt_row_background_width=&#8221;default&#8221; rt_row_style=&#8221;alt-style-1&#8243; rt_row_borders=&#8221;&#8221; rt_row_paddings=&#8221;true&#8221; rt_bg_effect=&#8221;classic&#8221; rt_bg_image_repeat=&#8221;repeat&#8221; rt_bg_size=&#8221;cover&#8221; rt_bg_position=&#8221;right top&#8221; rt_bg_attachment=&#8221;scroll&#8221; rt_bg_video_format=&#8221;self-hosted&#8221;][vc_column rt_wrp_col_paddings=&#8221;false&#8221; rt_border_top=&#8221;&#8221; rt_border_bottom=&#8221;&#8221; rt_border_left=&#8221;&#8221; rt_border_right=&#8221;&#8221; rt_border_top_mobile=&#8221;&#8221; rt_border_bottom_mobile=&#8221;&#8221; rt_border_left_mobile=&#8221;&#8221; rt_border_right_mobile=&#8221;&#8221; rt_bg_image_repeat=&#8221;repeat&#8221; rt_bg_size=&#8221;auto auto&#8221; rt_bg_position=&#8221;right top&#8221; rt_bg_attachment=&#8221;scroll&#8221;][vc_custom_heading text=&#8221;S\u00e6rlige udfordringer og kompetencekrav i det virtuelle ledelsesteam&#8221; font_container=&#8221;tag:h2|text_align:left|color:%237c6e44&#8243; use_theme_fonts=&#8221;yes&#8221;][vc_empty_space height=&#8221;10px&#8221;][vc_column_text css=&#8221;&#8221;]Virtuelle ledelsesteams, hvor lederne sidder spredt p\u00e5 flere lokationer og tidszoner, er blevet en del af dagligdagen \u2013 ikke kun i internationale og globale organisationer, men ogs\u00e5 i danske virksomheder. Beslutningstagning, probleml\u00f8sning og daglig koordinering og samarbejde flytter fra kontoret og m\u00f8delokalet ud p\u00e5 videom\u00f8der, Teams, telefon og mail.<\/p>\n<p>Men udfordringerne stikker dybere end d\u00e9t. N\u00e5r den daglige, fysiske kontakt reduceres, reduceres ogs\u00e5 ledelsesteamets temperaturm\u00e5ling p\u00e5 forretningens udfordringer, muligheder og performance, ligesom lederens indsigt i og temperaturm\u00e5ling p\u00e5 sit ledelsesteam bliver udfordret. Det kr\u00e6ver udvikling og tr\u00e6ning af specifikke kompetencer og opm\u00e6rksomhedspunkter for at kompensere.<\/p>\n<p>At sammens\u00e6tte og lede et virtuelt ledelsesteam er en kompleks og kr\u00e6vende opgave, som kr\u00e6ver s\u00e6rskilt opm\u00e6rksomhed, hvis teamet skal lykkes. En leder af et virtuelt ledelsesteam skal kunne alt, hvad en leder af et fysisk ledelsesteam skal kunne \u2013 og meget mere.<\/p>\n<p>En MBA med masteropgave inden for virtuel ledelse af ledelsesteams samt egne erfaringer med at arbejde i virtuelle ledelsesteams p\u00e5 tv\u00e6rs af landegr\u00e6nser er grundstenene i min sparring og udvikling af ledelsesteams i internationale og globale virksomheder. Mine ydelser er altid tilpasset den enkelte organisations kontekst.[\/vc_column_text][\/vc_column][\/vc_row]<\/p>\n","protected":false},"excerpt":{"rendered":"<p>[vc_row rt_row_background_width=&#8221;default&#8221; rt_row_style=&#8221;default-style&#8221; rt_row_borders=&#8221;&#8221; rt_overlap=&#8221;true&#8221; rt_row_paddings=&#8221;false&#8221; rt_bg_effect=&#8221;classic&#8221; rt_bg_image_repeat=&#8221;no-repeat&#8221; rt_bg_size=&#8221;cover&#8221; rt_bg_position=&#8221;right top&#8221; rt_bg_attachment=&#8221;scroll&#8221; rt_bg_video_format=&#8221;self-hosted&#8221;][vc_column rt_wrp_col_paddings=&#8221;false&#8221; rt_border_top=&#8221;&#8221; rt_border_bottom=&#8221;&#8221; rt_border_left=&#8221;&#8221; rt_border_right=&#8221;&#8221; rt_border_top_mobile=&#8221;&#8221; rt_border_bottom_mobile=&#8221;&#8221; rt_border_left_mobile=&#8221;&#8221; rt_border_right_mobile=&#8221;&#8221; rt_bg_image_repeat=&#8221;repeat&#8221; rt_bg_size=&#8221;cover&#8221; rt_bg_position=&#8221;right top&#8221; rt_bg_attachment=&#8221;scroll&#8221;][\/vc_column][\/vc_row][vc_row rt_row_background_width=&#8221;default&#8221; rt_row_style=&#8221;default-style&#8221; rt_row_borders=&#8221;&#8221; rt_row_paddings=&#8221;true&#8221; rt_bg_effect=&#8221;classic&#8221; rt_bg_image_repeat=&#8221;repeat&#8221; rt_bg_size=&#8221;cover&#8221; rt_bg_position=&#8221;right top&#8221; rt_bg_attachment=&#8221;scroll&#8221; rt_bg_video_format=&#8221;self-hosted&#8221;][vc_column rt_wrp_col_paddings=&#8221;false&#8221; rt_border_top=&#8221;&#8221; rt_border_bottom=&#8221;&#8221; rt_border_left=&#8221;&#8221; rt_border_right=&#8221;&#8221; rt_border_top_mobile=&#8221;&#8221; rt_border_bottom_mobile=&#8221;&#8221; rt_border_left_mobile=&#8221;&#8221; rt_border_right_mobile=&#8221;&#8221; rt_bg_image_repeat=&#8221;repeat&#8221; rt_bg_size=&#8221;auto auto&#8221; rt_bg_position=&#8221;right top&#8221; rt_bg_attachment=&#8221;scroll&#8221;][vc_column_text] Kommerciel forst\u00e5else [&hellip;]<\/p>\n","protected":false},"author":8,"featured_media":0,"parent":0,"menu_order":0,"comment_status":"closed","ping_status":"closed","template":"","meta":{"footnotes":""},"class_list":["post-2712","page","type-page","status-publish","hentry"],"_links":{"self":[{"href":"https:\/\/www.kasperkold.com\/da\/wp-json\/wp\/v2\/pages\/2712","targetHints":{"allow":["GET"]}}],"collection":[{"href":"https:\/\/www.kasperkold.com\/da\/wp-json\/wp\/v2\/pages"}],"about":[{"href":"https:\/\/www.kasperkold.com\/da\/wp-json\/wp\/v2\/types\/page"}],"author":[{"embeddable":true,"href":"https:\/\/www.kasperkold.com\/da\/wp-json\/wp\/v2\/users\/8"}],"replies":[{"embeddable":true,"href":"https:\/\/www.kasperkold.com\/da\/wp-json\/wp\/v2\/comments?post=2712"}],"version-history":[{"count":20,"href":"https:\/\/www.kasperkold.com\/da\/wp-json\/wp\/v2\/pages\/2712\/revisions"}],"predecessor-version":[{"id":3461,"href":"https:\/\/www.kasperkold.com\/da\/wp-json\/wp\/v2\/pages\/2712\/revisions\/3461"}],"wp:attachment":[{"href":"https:\/\/www.kasperkold.com\/da\/wp-json\/wp\/v2\/media?parent=2712"}],"curies":[{"name":"wp","href":"https:\/\/api.w.org\/{rel}","templated":true}]}}