{"id":3245,"date":"2018-07-10T08:48:48","date_gmt":"2018-07-10T06:48:48","guid":{"rendered":"https:\/\/www.kasperkold.com\/?page_id=3245"},"modified":"2018-07-10T09:06:16","modified_gmt":"2018-07-10T07:06:16","slug":"cookie-politik","status":"publish","type":"page","link":"https:\/\/www.kasperkold.com\/da\/cookie-politik\/","title":{"rendered":"Cookie politik"},"content":{"rendered":"<p>[vc_row rt_row_background_width=&#8221;default&#8221; rt_row_style=&#8221;default-style&#8221; rt_row_borders=&#8221;&#8221; rt_row_paddings=&#8221;true&#8221; rt_bg_effect=&#8221;classic&#8221; rt_bg_image_repeat=&#8221;repeat&#8221; rt_bg_size=&#8221;cover&#8221; rt_bg_position=&#8221;right top&#8221; rt_bg_attachment=&#8221;scroll&#8221; rt_bg_video_format=&#8221;self-hosted&#8221;][vc_column rt_bg_image_repeat=&#8221;repeat&#8221; rt_bg_size=&#8221;auto auto&#8221; rt_bg_attachment=&#8221;scroll&#8221;][vc_column_text]Kasper Kold anvender cookies p\u00e5 vores hjemmeside. Cookies er sm\u00e5 datafiler, som din browser gemmer p\u00e5 dit terminaludstyr, og som internetservere kan l\u00e6se. Reglerne om brug af cookies omfatter ogs\u00e5 automatisk indsamling af oplysninger fra dit terminaludstyr, f.eks. din IP-adresse.<\/p>\n<p>Ved at bruge hjemmesiden giver du samtykke til vores anvendelse af cookies beskrevet i denne cookie-politik.<\/p>\n<h3>Kasper Kold bruger cookies til:<\/h3>\n<ul>\n<li>At se hvilke sider, du har bes\u00f8gt, og til at at genkende dig fra bes\u00f8g til bes\u00f8g, s\u00e5dan at vi kan forbedre vores kendskab til dig, og bl.a. vise dig mere relevant indhold og markedsf\u00f8ringsmateriale<\/li>\n<li>At huske dine indstillinger og valg<\/li>\n<li>At opsamle statistik for trafikkilder og bes\u00f8g p\u00e5 vores hjemmesider for at g\u00f8re dem mere brugervenlige.<\/li>\n<\/ul>\n<p>Kasper Kold anvender forskellige l\u00f8sninger til at forbedre hjemmesiderne, og disse bruger ogs\u00e5 cookies for at fungere. Ingen af l\u00f8sningerne gemmer personlige eller personhenf\u00f8rbare oplysninger.<\/p>\n<h3>S\u00e5dan fjerner du cookies<\/h3>\n<p>De fleste browsere accepterer automatisk cookies. Du kan s\u00e6tte din browser til at informere dig, n\u00e5r du modtager en cookie, eller du kan undg\u00e5, at cookies gemmes p\u00e5 dit terminaludstyr ved at indstille din browser til at blokere for cookies.<br \/>\nHvis du v\u00e6lger at blokere for alle cookies, kan du stadig bes\u00f8ge vores hjemmesider, men vi kan dog ikke garantere, at du f\u00e5r den optimale oplevelse.<br \/>\nNogle browsere har en indstilling, hvor cookies altid slettes efter et bes\u00f8g p\u00e5 en side. Denne funktion hedder InPrivate i Internet Explorer version 8 og nyere; Incognito i Google Chrome version 10 og nyere; Private Browsing i Firefox version 3.5 og nyere; Private Browsing i Safari version 2 og nyere og Private Browsing i Opera version 10.5 og nyere.<\/p>\n<p>Du kan n\u00e5r som helst slette cookies, der allerede er gemt p\u00e5 dit terminaludstyr. Herunder finder du vejledninger til at slette cookies i de mest almindelige browsere.<\/p>\n<p><strong>Vejledninger i at slette cookies fra de mest almindelige browsere:<\/strong><\/p>\n<p><a href=\"https:\/\/windows.microsoft.com\/da-dk\/internet-explorer\/delete-manage-cookies\" target=\"_blank\" rel=\"noopener noreferrer\">Vejledning i at slette cookies i Microsoft Internet Explorer<\/a><\/p>\n<p><a href=\"httpss:\/\/support.mozilla.org\/da\/kb\/slet-cookies-fjerne-oplysninger-fra-websteder?redirectlocale=en-US&amp;redirectslug=Deleting+cookies\" target=\"_blank\" rel=\"noopener noreferrer\">Vejledning i at slette cookies i Mozilla Firefox browser<\/a><\/p>\n<p><a href=\"httpss:\/\/support.google.com\/chrome\/answer\/95647?hl=da\" target=\"_blank\" rel=\"noopener noreferrer\">Vejledning i at slette cookies p\u00e5 Google Chrome browser<\/a><\/p>\n<p><a href=\"https:\/\/www.opera.com\/blogs\/news\/2015\/08\/how-to-manage-cookies-in-opera\/\" target=\"_blank\" rel=\"noopener noreferrer\">Vejledning i at slette cookies p\u00e5 Opera browser<\/a><\/p>\n<p><a href=\"https:\/\/www.macromedia.com\/support\/documentation\/en\/flashplayer\/help\/settings_manager07.html\" target=\"_blank\" rel=\"noopener noreferrer\">Vejledning i at slette flash cookies<\/a><\/p>\n<p>[\/vc_column_text][\/vc_column][\/vc_row]<\/p>\n","protected":false},"excerpt":{"rendered":"<p>[vc_row rt_row_background_width=&#8221;default&#8221; rt_row_style=&#8221;default-style&#8221; rt_row_borders=&#8221;&#8221; rt_row_paddings=&#8221;true&#8221; rt_bg_effect=&#8221;classic&#8221; rt_bg_image_repeat=&#8221;repeat&#8221; rt_bg_size=&#8221;cover&#8221; rt_bg_position=&#8221;right top&#8221; rt_bg_attachment=&#8221;scroll&#8221; rt_bg_video_format=&#8221;self-hosted&#8221;][vc_column rt_bg_image_repeat=&#8221;repeat&#8221; rt_bg_size=&#8221;auto auto&#8221; rt_bg_attachment=&#8221;scroll&#8221;][vc_column_text]Kasper Kold anvender cookies p\u00e5 vores hjemmeside. Cookies er sm\u00e5 datafiler, som din browser gemmer p\u00e5 dit terminaludstyr, og som internetservere kan l\u00e6se. Reglerne om brug af cookies omfatter ogs\u00e5 automatisk indsamling af oplysninger fra dit terminaludstyr, f.eks. din IP-adresse. [&hellip;]<\/p>\n","protected":false},"author":8,"featured_media":0,"parent":0,"menu_order":0,"comment_status":"closed","ping_status":"closed","template":"","meta":{"footnotes":""},"class_list":["post-3245","page","type-page","status-publish","hentry"],"_links":{"self":[{"href":"https:\/\/www.kasperkold.com\/da\/wp-json\/wp\/v2\/pages\/3245","targetHints":{"allow":["GET"]}}],"collection":[{"href":"https:\/\/www.kasperkold.com\/da\/wp-json\/wp\/v2\/pages"}],"about":[{"href":"https:\/\/www.kasperkold.com\/da\/wp-json\/wp\/v2\/types\/page"}],"author":[{"embeddable":true,"href":"https:\/\/www.kasperkold.com\/da\/wp-json\/wp\/v2\/users\/8"}],"replies":[{"embeddable":true,"href":"https:\/\/www.kasperkold.com\/da\/wp-json\/wp\/v2\/comments?post=3245"}],"version-history":[{"count":3,"href":"https:\/\/www.kasperkold.com\/da\/wp-json\/wp\/v2\/pages\/3245\/revisions"}],"predecessor-version":[{"id":3250,"href":"https:\/\/www.kasperkold.com\/da\/wp-json\/wp\/v2\/pages\/3245\/revisions\/3250"}],"wp:attachment":[{"href":"https:\/\/www.kasperkold.com\/da\/wp-json\/wp\/v2\/media?parent=3245"}],"curies":[{"name":"wp","href":"https:\/\/api.w.org\/{rel}","templated":true}]}}