{"id":9,"date":"2015-02-02T04:30:57","date_gmt":"2015-02-02T04:30:57","guid":{"rendered":"http:\/\/rttheme19.rtthemes.com\/?page_id=9"},"modified":"2024-10-11T08:35:56","modified_gmt":"2024-10-11T06:35:56","slug":"om","status":"publish","type":"page","link":"https:\/\/www.kasperkold.com\/da\/om\/","title":{"rendered":"Om"},"content":{"rendered":"<p>[vc_row rt_row_background_width=&#8221;default&#8221; rt_row_style=&#8221;default-style&#8221; rt_row_borders=&#8221;&#8221; rt_overlap=&#8221;true&#8221; rt_row_paddings=&#8221;false&#8221; rt_bg_effect=&#8221;classic&#8221; rt_bg_image_repeat=&#8221;no-repeat&#8221; rt_bg_size=&#8221;cover&#8221; rt_bg_position=&#8221;right top&#8221; rt_bg_attachment=&#8221;scroll&#8221; rt_bg_video_format=&#8221;self-hosted&#8221;][vc_column rt_wrp_col_paddings=&#8221;false&#8221; rt_border_top=&#8221;&#8221; rt_border_bottom=&#8221;&#8221; rt_border_left=&#8221;&#8221; rt_border_right=&#8221;&#8221; rt_border_top_mobile=&#8221;&#8221; rt_border_bottom_mobile=&#8221;&#8221; rt_border_left_mobile=&#8221;&#8221; rt_border_right_mobile=&#8221;&#8221; rt_bg_image_repeat=&#8221;repeat&#8221; rt_bg_size=&#8221;cover&#8221; rt_bg_position=&#8221;right top&#8221; rt_bg_attachment=&#8221;scroll&#8221;]<div id=\"content-slider-578189\" style=\"min-height:300px;\" class=\"rt-carousel main-carousel carousel-holder clearfix\" data-item-width=\"1\" data-nav=\"true\" data-dots=\"true\" data-parallax=\"true\" data-timeout=\"7500\" data-autoplay=\"true\">\n<div class=\"owl-carousel\">\n\n\t\t<div class=\"item  alt-style-2 slide-background\" style=\"background-image: url(https:\/\/www.kasperkold.com\/wp-content\/uploads\/2015\/02\/KK_web_header7-kopi.jpg);background-repeat: no-repeat;background-size: cover;background-position: center center;min-height: 300px;\">\n\t\t\t\n\t\t\t<div class=\"slide-content-wrapper default clearfix\">\n\t\t\t\t<div class=\"slide-content animation  left\" style=\"width: 60%;background-color: #7c6e44;margin-top: 90px;\">\t\t\t\t\t\n\t\t\t\t\t<h3>\u201dKasper er psykolog med forretningsforst\u00e5else \u2013 og er erfaren p\u00e5 toplederniveau. Han s\u00e6tter refleksion i gang, giver v\u00e6rkt\u00f8jer og strategier.\u201d<\/h3>\n<p>CEO &#8211; Danmark<\/p>\n\n\t\t\t\t<\/div>\n\t\t\t<\/div>\n\t\t<\/div>\n\t\t<div class=\"item  alt-style-2 slide-background\" style=\"background-image: url(https:\/\/www.kasperkold.com\/wp-content\/uploads\/2015\/02\/KK_web_header7-kopi.jpg);background-repeat: no-repeat;background-size: cover;background-position: center center;min-height: 300px;\">\n\t\t\t\n\t\t\t<div class=\"slide-content-wrapper default clearfix\">\n\t\t\t\t<div class=\"slide-content animation  left\" style=\"width: 70%;background-color: #7c6e44;margin-top: 70px;\">\t\t\t\t\t\n\t\t\t\t\t<h3>\u201dKasper er konstruktivt konfronterende, s\u00e5 man f\u00f8ler selv, man rykker sig. Kasper er betydeligt mere effektiv &#8211; meget givtigt samarbejde. Jeg kan varmt anbefale ham.\u201d<\/h3>\n<p>CEO &#8211; Danmark<\/p>\n\n\t\t\t\t<\/div>\n\t\t\t<\/div>\n\t\t<\/div>\n\t\t<div class=\"item  alt-style-2 slide-background\" style=\"background-image: url(https:\/\/www.kasperkold.com\/wp-content\/uploads\/2015\/02\/KK_web_header7-kopi.jpg);background-repeat: no-repeat;background-size: cover;background-position: center center;min-height: 300px;\">\n\t\t\t\n\t\t\t<div class=\"slide-content-wrapper default clearfix\">\n\t\t\t\t<div class=\"slide-content animation  left\" style=\"width: 60%;background-color: #7c6e44;margin-top: 90px;\">\t\t\t\t\t\n\t\t\t\t\t<h3>\u201dKasper giver yderst konstruktiv og meget m\u00e5lrettet feedback p\u00e5 mine ledelsesm\u00e6ssige udfordringer.\u201d<\/h3>\n<p>Executive Vice President<\/p>\n\n\t\t\t\t<\/div>\n\t\t\t<\/div>\n\t\t<\/div><\/div>\n<\/div>\n[\/vc_column][\/vc_row][vc_row rt_row_background_width=&#8221;default&#8221; rt_row_style=&#8221;default-style&#8221; rt_row_borders=&#8221;&#8221; rt_row_paddings=&#8221;true&#8221; rt_bg_effect=&#8221;classic&#8221; rt_bg_image_repeat=&#8221;repeat&#8221; rt_bg_size=&#8221;cover&#8221; rt_bg_position=&#8221;right top&#8221; rt_bg_attachment=&#8221;scroll&#8221; rt_bg_video_format=&#8221;self-hosted&#8221;][vc_column rt_wrp_col_paddings=&#8221;false&#8221; rt_border_top=&#8221;&#8221; rt_border_bottom=&#8221;&#8221; rt_border_left=&#8221;&#8221; rt_border_right=&#8221;&#8221; rt_border_top_mobile=&#8221;&#8221; rt_border_bottom_mobile=&#8221;&#8221; rt_border_left_mobile=&#8221;&#8221; rt_border_right_mobile=&#8221;&#8221; rt_bg_image_repeat=&#8221;repeat&#8221; rt_bg_size=&#8221;auto auto&#8221; rt_bg_position=&#8221;right top&#8221; rt_bg_attachment=&#8221;scroll&#8221;][vc_column_text css=&#8221;&#8221;]Mange \u00e5rs arbejde som executive leder og ekstern erhvervspsykolog inden for HR og organisationsudvikling hos internationale og globale virksomheder har givet mig f\u00f8rsteh\u00e5ndskendskab til de udfordringer, der ofte opst\u00e5r i organisationer.<\/p>\n<p>Som HR-chef i Gumlink, Fertin Pharma (tidligere DANDY) og HR Director i Vestas R&amp;D har jeg v\u00e6ret ansvarlig for hele spektret af HR- og organisationsprocesser i en international og global kontekst, hvor jeg blandt andet har arbejdet med globale kompetencestrategier og joint ventures.<\/p>\n<p>Fokusomr\u00e5der i mit virke som ekstern konsulent omfatter global talent- og lederudvikling, executive coaching, change management samt udvikling og implementering af HR-strategier.<\/p>\n<p>Jeg har en uddannelsesm\u00e6ssig baggrund inden for psykologi (cand. psych.) og business (MBA), suppleret med omfattende efteruddannelse fra internationale business schools (London Business school m.fl.) og deltagelse p\u00e5 interne virksomhedsprogrammer hos danske og internationale eksperter. Jeg er certificeret i en r\u00e6kke erhvervsrettede tests, inklusiv Hogan.<\/p>\n<p>Mit daglige virke er med udgangspunkt fra kontoret i Aarhus. Derudover har jeg faste, ugentlige dage i K\u00f8benhavn og samt regelm\u00e6ssige dage i London og Hamborg\u00a0\u2013 samt j\u00e6vnlige rejser til Asien og USA.[\/vc_column_text][\/vc_column][\/vc_row]<\/p>\n","protected":false},"excerpt":{"rendered":"<p>[vc_row rt_row_background_width=&#8221;default&#8221; rt_row_style=&#8221;default-style&#8221; rt_row_borders=&#8221;&#8221; rt_overlap=&#8221;true&#8221; rt_row_paddings=&#8221;false&#8221; rt_bg_effect=&#8221;classic&#8221; rt_bg_image_repeat=&#8221;no-repeat&#8221; rt_bg_size=&#8221;cover&#8221; rt_bg_position=&#8221;right top&#8221; rt_bg_attachment=&#8221;scroll&#8221; rt_bg_video_format=&#8221;self-hosted&#8221;][vc_column rt_wrp_col_paddings=&#8221;false&#8221; rt_border_top=&#8221;&#8221; rt_border_bottom=&#8221;&#8221; rt_border_left=&#8221;&#8221; rt_border_right=&#8221;&#8221; rt_border_top_mobile=&#8221;&#8221; rt_border_bottom_mobile=&#8221;&#8221; rt_border_left_mobile=&#8221;&#8221; rt_border_right_mobile=&#8221;&#8221; rt_bg_image_repeat=&#8221;repeat&#8221; rt_bg_size=&#8221;cover&#8221; rt_bg_position=&#8221;right top&#8221; rt_bg_attachment=&#8221;scroll&#8221;][\/vc_column][\/vc_row][vc_row rt_row_background_width=&#8221;default&#8221; rt_row_style=&#8221;default-style&#8221; rt_row_borders=&#8221;&#8221; rt_row_paddings=&#8221;true&#8221; rt_bg_effect=&#8221;classic&#8221; rt_bg_image_repeat=&#8221;repeat&#8221; rt_bg_size=&#8221;cover&#8221; rt_bg_position=&#8221;right top&#8221; rt_bg_attachment=&#8221;scroll&#8221; rt_bg_video_format=&#8221;self-hosted&#8221;][vc_column rt_wrp_col_paddings=&#8221;false&#8221; rt_border_top=&#8221;&#8221; rt_border_bottom=&#8221;&#8221; rt_border_left=&#8221;&#8221; rt_border_right=&#8221;&#8221; rt_border_top_mobile=&#8221;&#8221; rt_border_bottom_mobile=&#8221;&#8221; rt_border_left_mobile=&#8221;&#8221; rt_border_right_mobile=&#8221;&#8221; rt_bg_image_repeat=&#8221;repeat&#8221; rt_bg_size=&#8221;auto auto&#8221; rt_bg_position=&#8221;right top&#8221; rt_bg_attachment=&#8221;scroll&#8221;][vc_column_text css=&#8221;&#8221;]Mange \u00e5rs [&hellip;]<\/p>\n","protected":false},"author":8,"featured_media":0,"parent":0,"menu_order":0,"comment_status":"open","ping_status":"open","template":"","meta":{"footnotes":""},"class_list":["post-9","page","type-page","status-publish","hentry"],"_links":{"self":[{"href":"https:\/\/www.kasperkold.com\/da\/wp-json\/wp\/v2\/pages\/9","targetHints":{"allow":["GET"]}}],"collection":[{"href":"https:\/\/www.kasperkold.com\/da\/wp-json\/wp\/v2\/pages"}],"about":[{"href":"https:\/\/www.kasperkold.com\/da\/wp-json\/wp\/v2\/types\/page"}],"author":[{"embeddable":true,"href":"https:\/\/www.kasperkold.com\/da\/wp-json\/wp\/v2\/users\/8"}],"replies":[{"embeddable":true,"href":"https:\/\/www.kasperkold.com\/da\/wp-json\/wp\/v2\/comments?post=9"}],"version-history":[{"count":18,"href":"https:\/\/www.kasperkold.com\/da\/wp-json\/wp\/v2\/pages\/9\/revisions"}],"predecessor-version":[{"id":3463,"href":"https:\/\/www.kasperkold.com\/da\/wp-json\/wp\/v2\/pages\/9\/revisions\/3463"}],"wp:attachment":[{"href":"https:\/\/www.kasperkold.com\/da\/wp-json\/wp\/v2\/media?parent=9"}],"curies":[{"name":"wp","href":"https:\/\/api.w.org\/{rel}","templated":true}]}}